{"id":8,"date":"2016-06-08T00:46:06","date_gmt":"2016-06-08T03:46:06","guid":{"rendered":"http:\/\/www.ipra.gov.ar\/web\/?page_id=8"},"modified":"2025-11-14T11:32:45","modified_gmt":"2025-11-14T14:32:45","slug":"autoridades","status":"publish","type":"page","link":"http:\/\/www.ipra.gov.ar\/web\/autoridades\/","title":{"rendered":"AUTORIDADES"},"content":{"rendered":"<p>[vc_row][vc_column][vc_column_text]<\/p>\n<h1 class=\"tauto\">AUTORIDADES<\/h1>\n<div class=\"card-container\">\n<div class=\"cardtop\"><\/div>\n<div class=\"cardcircle\"><\/div>\n<h2 class=\"tcard\">Secretario Administrativo A\/C de la Presidencia<\/h2>\n<h4 class=\"textcard\">Osvaldo Hillar<\/h4>\n<div class=\"foot\">\n<p>presidencia@ipra.gov.ar<\/p>\n<\/div>\n<\/div>\n<p>[\/vc_column_text][\/vc_column][\/vc_row][vc_row][vc_column width=\u00bb1\/2&#8243;][vc_column_text]<\/p>\n<div class=\"card-container\">\n<div class=\"cardtop\"><\/div>\n<div class=\"cardcircle\"><\/div>\n<h2 class=\"tcard\">Secretar\u00eda Administrativa<\/h2>\n<h4 class=\"textcard\">Osvaldo Hillar<\/h4>\n<div class=\"foot\">\n<p>&nbsp;<\/p>\n<\/div>\n<\/div>\n<p>[\/vc_column_text][\/vc_column][vc_column width=\u00bb1\/2&#8243;][vc_column_text]<\/p>\n<div class=\"card-container\">\n<div class=\"cardtop\"><\/div>\n<div class=\"cardcircle\"><\/div>\n<h2 class=\"tcard\">Secretar\u00eda de Juegos<\/h2>\n<h4 class=\"textcard\">Mar\u00eda Noel C\u00e1ceres<\/h4>\n<div class=\"foot\">\n<p>mncaceres@ipra.gov.ar<br \/>\n&nbsp;<\/p>\n<\/div>\n<\/div>\n<p>[\/vc_column_text][\/vc_column][\/vc_row]<\/p>\n","protected":false},"excerpt":{"rendered":"<p>[vc_row][vc_column][vc_column_text] AUTORIDADES Secretario Administrativo A\/C de la Presidencia Osvaldo Hillar presidencia@ipra.gov.ar [\/vc_column_text][\/vc_column][\/vc_row][vc_row][vc_column width=\u00bb1\/2&#8243;][vc_column_text] Secretar\u00eda Administrativa Osvaldo Hillar &nbsp; [\/vc_column_text][\/vc_column][vc_column width=\u00bb1\/2&#8243;][vc_column_text] Secretar\u00eda de Juegos Mar\u00eda Noel C\u00e1ceres [&hellip;]<\/p>\n","protected":false},"author":1,"featured_media":0,"parent":0,"menu_order":0,"comment_status":"closed","ping_status":"closed","template":"","meta":{"inline_featured_image":false,"footnotes":""},"class_list":["post-8","page","type-page","status-publish","hentry"],"_links":{"self":[{"href":"http:\/\/www.ipra.gov.ar\/web\/wp-json\/wp\/v2\/pages\/8","targetHints":{"allow":["GET"]}}],"collection":[{"href":"http:\/\/www.ipra.gov.ar\/web\/wp-json\/wp\/v2\/pages"}],"about":[{"href":"http:\/\/www.ipra.gov.ar\/web\/wp-json\/wp\/v2\/types\/page"}],"author":[{"embeddable":true,"href":"http:\/\/www.ipra.gov.ar\/web\/wp-json\/wp\/v2\/users\/1"}],"replies":[{"embeddable":true,"href":"http:\/\/www.ipra.gov.ar\/web\/wp-json\/wp\/v2\/comments?post=8"}],"version-history":[{"count":31,"href":"http:\/\/www.ipra.gov.ar\/web\/wp-json\/wp\/v2\/pages\/8\/revisions"}],"predecessor-version":[{"id":4301,"href":"http:\/\/www.ipra.gov.ar\/web\/wp-json\/wp\/v2\/pages\/8\/revisions\/4301"}],"wp:attachment":[{"href":"http:\/\/www.ipra.gov.ar\/web\/wp-json\/wp\/v2\/media?parent=8"}],"curies":[{"name":"wp","href":"https:\/\/api.w.org\/{rel}","templated":true}]}}