{"id":12,"date":"2016-06-08T00:55:37","date_gmt":"2016-06-08T03:55:37","guid":{"rendered":"http:\/\/www.ipra.gov.ar\/web\/?page_id=12"},"modified":"2023-07-11T12:43:47","modified_gmt":"2023-07-11T15:43:47","slug":"compras","status":"publish","type":"page","link":"https:\/\/www.ipra.gov.ar\/web\/compras\/","title":{"rendered":"LICITACIONES Y COMPRAS"},"content":{"rendered":"<div class=\"vce-row-container\" data-vce-boxed-width=\"true\"><div class=\"vce-row vce-row--col-gap-30 vce-row-equal-height vce-row-content--top\" id=\"el-b7ed85c2\" data-vce-do-apply=\"all el-b7ed85c2\"><div class=\"vce-row-content\" data-vce-element-content=\"true\"><div class=\"vce-col vce-col--md-auto vce-col--xs-1 vce-col--xs-last vce-col--xs-first vce-col--sm-last vce-col--sm-first vce-col--md-last vce-col--lg-last vce-col--xl-last vce-col--md-first vce-col--lg-first vce-col--xl-first\" id=\"el-e51d3bbd\"><div class=\"vce-col-inner\" data-vce-do-apply=\"border margin background  el-e51d3bbd\"><div class=\"vce-col-content\" data-vce-element-content=\"true\" data-vce-do-apply=\"padding el-e51d3bbd\"><div class=\"vce-text-block\"><div class=\"vce-text-block-wrapper vce\" id=\"el-96d0dc4d\" data-vce-do-apply=\"all el-96d0dc4d\"><p>      <div id=\"post-grid-lazy-1397\" class=\"post-grid-lazy\"><img alt=\"\" src=\"\" \/><\/div>\n    <script>\n      jQuery('#post-grid-lazy-1397').ready(function($) {\n        $('#post-grid-lazy-1397').fadeOut();\n        $('#post-grid-1397   ').fadeIn();\n      })\n    <\/script>\n    <style type=\"text\/css\">\n      #post-grid-1397 {\n        display: none;\n      }\n\n      .post-grid-lazy {\n        text-align: center;\n      }\n    <\/style>\n    <div data-options='{&quot;id&quot;:&quot;1397&quot;,&quot;lazy_load&quot;:&quot;yes&quot;,&quot;masonry_enable&quot;:&quot;no&quot;,&quot;view_type&quot;:&quot;grid&quot;}' id=\"post-grid-1397\" class=\"post-grid grid\">\n      <div class=\"post-grid-search form_submit\">\n    <form grid_id=\"1397\" action=\"https:\/\/www.ipra.gov.ar\/web\/compras\/\" method=\"get\">\n        <div class=\"field-wrap field-wrap-keyword\">\n    <span class=\"search-icon\"><i class=\"fas fa-search\"><\/i><\/span>\n    <input grid_id=\"1397\" title=\"Press enter to reset\" class=\"search\" type=\"text\" name=\"keyword\" placeholder=\"Buscar\" value=\"\">\n  <\/div>\n  <div class=\"field-wrap field-wrap-submit\">\n    <input type=\"hidden\" id=\"_wpnonce\" name=\"_wpnonce\" value=\"f2f44c644c\" \/>    <input type=\"submit\" value=\"Buscar\">\n    <span class=\"search-loading\"><i class=\"fas fa-spinner fa-spin\"><\/i><\/span>\n  <\/div>\n      <\/form>\n  <\/div>\n    <div class=\"grid-items\">\n      <div class=\"item item-4437 skin flat even 0 \">\n        <div class=\"layer-wrapper layout-1402\">\n          <div class=\"element element_1610380381742  title_link \">\n                    S\/ADJUDICACI\u00d3N DE DOS (02) MICROFONOS INALAMBRICOS            <\/div>\n    <div class=\"element element_1610381468334  excerpt \">\n        ADJUDICACI\u00d3N DE COMPRA DIRECTA N\u00b0 05-2026- EXPEDIENTE IPRA N\u00b0 536-2026 \u00bbS\/ ADQUISICI\u00d3N DE DOS (02) MICROFONOS INALAMBRICOS \u00a0 \u00bb DIFUSI\u00d3N:            <\/div>\n    <hr class=\"element element_1689004578721  hr \">\n    <\/hr>\n            <a class=\"element element_1610380387338  read_more \"\n            target=\"_blank\"\n            href=\"https:\/\/www.ipra.gov.ar\/web\/compra\/s-adjudicacion-de-dos-02-microfonos-inalambricos\/\">Leer Mas<\/a>\n        <div class=\"element element_1610380394410  post_date \">\n                    27 abril, 2026            <\/div>\n    <\/div>\n  <\/div><div class=\"item item-4433 skin flat odd 1 \">\n        <div class=\"layer-wrapper layout-1402\">\n          <div class=\"element element_1610380381742  title_link \">\n                    ADJUDICACI\u00d3N \u2013 LICITACI\u00d3N P\u00daBLICA N\u00b0 01-2026  &#8211; EE N\u00b0 146-2026            <\/div>\n    <div class=\"element element_1610381468334  excerpt \">\n        ADJUDICACI\u00d3N \u2013 LICITACI\u00d3N P\u00daBLICA\u00a0 N\u00b0 01\/2026 EXPEDIENTE: EE-146-2026- SOLICITUD DE IMPRESI\u00d3N Y SISTEMATIZACI\u00d3N TELEBINGO RESOLUCI\u00d3N IPRA: 188-2026 resolucion ADJUDICACI\u00d3N LICITACION            <\/div>\n    <hr class=\"element element_1689004578721  hr \">\n    <\/hr>\n            <a class=\"element element_1610380387338  read_more \"\n            target=\"_blank\"\n            href=\"https:\/\/www.ipra.gov.ar\/web\/compra\/adjudicacion-licitacion-publica-n-01-2026-ee-n-146-2026\/\">Leer Mas<\/a>\n        <div class=\"element element_1610380394410  post_date \">\n                    17 abril, 2026            <\/div>\n    <\/div>\n  <\/div><div class=\"item item-4430 skin flat even 2 \">\n        <div class=\"layer-wrapper layout-1402\">\n          <div class=\"element element_1610380381742  title_link \">\n                    S\/TRANSMISI\u00d3N DEL SHOW DEL TELEBINGO FUEGUINO EN CANALES OFICIALES            <\/div>\n    <div class=\"element element_1610381468334  excerpt \">\n        COMPRA DIRECTA N\u00b0 07\/2026. EE-633-2026- \u00abEE-633-2026 Tema: S\/CONTRATACI\u00d3N DE SERVICIO TELEVISIVO EN LOS CANALES OFICIALES DE LA PROVINCIA- TRANSMISI\u00d3N \"SHOW            <\/div>\n    <hr class=\"element element_1689004578721  hr \">\n    <\/hr>\n            <a class=\"element element_1610380387338  read_more \"\n            target=\"_blank\"\n            href=\"https:\/\/www.ipra.gov.ar\/web\/compra\/s-transmision-del-show-del-telebingo-fueguino-en-canales-oficiales\/\">Leer Mas<\/a>\n        <div class=\"element element_1610380394410  post_date \">\n                    13 abril, 2026            <\/div>\n    <\/div>\n  <\/div><div class=\"item item-4427 skin flat odd 3 \">\n        <div class=\"layer-wrapper layout-1402\">\n          <div class=\"element element_1610380381742  title_link \">\n                    S\/ADQUISICI\u00d3N DE DOS (02) BANNERS INSTITUCIONALES            <\/div>\n    <div class=\"element element_1610381468334  excerpt \">\n        IPRA \u2013 INVITACI\u00d3N A COTIZAR \u2013 COMPRA DIRECTA N\u00ba 06\/2026 \u2013 RAF 27 \u2013 LLAMADO 01 \u2013 PIEZA ADMINISTRATIVA N\u00b0            <\/div>\n    <hr class=\"element element_1689004578721  hr \">\n    <\/hr>\n            <a class=\"element element_1610380387338  read_more \"\n            target=\"_blank\"\n            href=\"https:\/\/www.ipra.gov.ar\/web\/compra\/s-adquisicion-de-dos-02-banners-institucionales\/\">Leer Mas<\/a>\n        <div class=\"element element_1610380394410  post_date \">\n                    9 abril, 2026            <\/div>\n    <\/div>\n  <\/div><div class=\"item item-4422 skin flat even 4 \">\n        <div class=\"layer-wrapper layout-1402\">\n          <div class=\"element element_1610380381742  title_link \">\n                    S\/ADQUISICI\u00d3N DE MICR\u00d3FONOS INAL\u00c1MBRICOS            <\/div>\n    <div class=\"element element_1610381468334  excerpt \">\n        IPRA \u2013 INVITACI\u00d3N A COTIZAR \u2013 COMPRA DIRECTA N\u00ba 05\/2026 \u2013 RAF 27 \u2013 LLAMADO 01 \u2013 PIEZA ADMINISTRATIVA N\u00b0            <\/div>\n    <hr class=\"element element_1689004578721  hr \">\n    <\/hr>\n            <a class=\"element element_1610380387338  read_more \"\n            target=\"_blank\"\n            href=\"https:\/\/www.ipra.gov.ar\/web\/compra\/s-adquisicion-de-microfonos-inalambricos\/\">Leer Mas<\/a>\n        <div class=\"element element_1610380394410  post_date \">\n                    6 abril, 2026            <\/div>\n    <\/div>\n  <\/div><div class=\"item item-4417 skin flat odd 5 \">\n        <div class=\"layer-wrapper layout-1402\">\n          <div class=\"element element_1610380381742  title_link \">\n                    S\/ADJUDICACI\u00d3N DE ADQUISICI\u00d3N TONERS IMPRESORAS            <\/div>\n    <div class=\"element element_1610381468334  excerpt \">\n        ADJUDICACI\u00d3N DE COMPRA DIRECTA N\u00b0 04-2026- EXPEDIENTE IPRA N\u00b0 250-2026 \u00bb S\/ADQUISICI\u00d3N TONERS \u00bb DIFUSI\u00d3N: RESOLUCI\u00d3N IPRA N\u00b0 156-2026 ADJUDICACI\u00d3N            <\/div>\n    <hr class=\"element element_1689004578721  hr \">\n    <\/hr>\n            <a class=\"element element_1610380387338  read_more \"\n            target=\"_blank\"\n            href=\"https:\/\/www.ipra.gov.ar\/web\/compra\/s-adjudicacion-de-adquisicion-toners-impresoras\/\">Leer Mas<\/a>\n        <div class=\"element element_1610380394410  post_date \">\n                    30 marzo, 2026            <\/div>\n    <\/div>\n  <\/div><div class=\"item item-4413 skin flat even 6 \">\n        <div class=\"layer-wrapper layout-1402\">\n          <div class=\"element element_1610380381742  title_link \">\n                    ACTA DE PRE-ADJUDICACI\u00d3N LICITACI\u00d3N P\u00daBLICA N\u00b0 01-2026- EE N\u00b0 146-2026- OBJETO: SOLICITUD IMPRESI\u00d3N Y SISTEMATIZACI\u00d3N TELEBINGO            <\/div>\n    <div class=\"element element_1610381468334  excerpt \">\n        CONTRATACI\u00d3N: LICITACI\u00d3N P\u00daBLICA N\u00b0 01-2026 EXPEDIENTE: EE- 146-2026 OBJETO: SOLICITUD IMPRESI\u00d3N Y SISTEMATIZACI\u00d3N TELEBINGO DIFUSI\u00d3N: ACTA DE PRE-ADJUDICACI\u00d3N DE COMISI\u00d3N            <\/div>\n    <hr class=\"element element_1689004578721  hr \">\n    <\/hr>\n            <a class=\"element element_1610380387338  read_more \"\n            target=\"_blank\"\n            href=\"https:\/\/www.ipra.gov.ar\/web\/compra\/acta-de-pre-adjudicacion-licitacion-publica-n-01-2026-ee-n-146-2026-objeto-solicitud-impresion-y-sistematizacion-telebingo\/\">Leer Mas<\/a>\n        <div class=\"element element_1610380394410  post_date \">\n                    18 marzo, 2026            <\/div>\n    <\/div>\n  <\/div><div class=\"item item-4411 skin flat odd 7 \">\n        <div class=\"layer-wrapper layout-1402\">\n          <div class=\"element element_1610380381742  title_link \">\n                    LLAMADO A LICITACI\u00d3N P\u00daBLICA N\u00b0 02\/2026 EXPEDIENTE US-EE- N\u00b0 283-2026 \u2013 RESOLUCI\u00d3N IPRA N\u00b0 106-2026 OBJETO: CONTRATACI\u00d3N POR UN PLAZO DE TREINTA Y SEIS ( 36) MESES DEL SERVICIO DE MANTENIMIENTO DE LA SUITE DE SISTEMA GEN (GEN FINANCIERO, GEN RRHH, GEN EXPEDIENTE)            <\/div>\n    <div class=\"element element_1610381468334  excerpt \">\n        LLAMADO A LICITACI\u00d3N P\u00daBLICA N\u00b002\/2026 EXPEDIENTE\u00a0 N\u00b0 US-EE-N\u00b0 283\/26 \u2013 RESOLUCI\u00d3N IPRA N\u00b0106-2026 OBJETO: CONTRATACI\u00d3N POR UN PLAZO DE TREINTA            <\/div>\n    <hr class=\"element element_1689004578721  hr \">\n    <\/hr>\n            <a class=\"element element_1610380387338  read_more \"\n            target=\"_blank\"\n            href=\"https:\/\/www.ipra.gov.ar\/web\/compra\/llamado-a-licitacion-publica-n-02-2026-expediente-us-ee-n-283-2026-resolucion-ipra-n-106-2026-objeto-contratacion-por-un-plazo-de-treinta-y-seis-36-meses-del-servicio\/\">Leer Mas<\/a>\n        <div class=\"element element_1610380394410  post_date \">\n                    4 marzo, 2026            <\/div>\n    <\/div>\n  <\/div><div class=\"item item-4390 skin flat even 8 \">\n        <div class=\"layer-wrapper layout-1402\">\n          <div class=\"element element_1610380381742  title_link \">\n                    S\/ CONTRATACI\u00d3N PARA IMPRESI\u00d3N, DISE\u00d1O, DISTRIBUCI\u00d3N Y SISTEMATIZACI\u00d3N DEL TELEBINGO FUEGUINO            <\/div>\n    <div class=\"element element_1610381468334  excerpt \">\n        CIRCULAR MODIFICATORIA N\u00b01 SIN CONSULTA LICITACI\u00d3N P\u00daBLICA N\u00b0 01-26\u00a0 \u2013 EE-146-2026 OBJETO: \u00a0S\/ CONTRATACI\u00d3N PARA IMPRESI\u00d3N, DISE\u00d1O, DISTRIBUCI\u00d3N Y SISTEMATIZACI\u00d3N            <\/div>\n    <hr class=\"element element_1689004578721  hr \">\n    <\/hr>\n            <a class=\"element element_1610380387338  read_more \"\n            target=\"_blank\"\n            href=\"https:\/\/www.ipra.gov.ar\/web\/compra\/s-contratacion-para-impresion-diseno-distribucion-y-sistematizacion-del-telebingo-fueguino-2\/\">Leer Mas<\/a>\n        <div class=\"element element_1610380394410  post_date \">\n                    24 febrero, 2026            <\/div>\n    <\/div>\n  <\/div><div class=\"item item-4383 skin flat odd 9 \">\n        <div class=\"layer-wrapper layout-1402\">\n          <div class=\"element element_1610380381742  title_link \">\n                    S\/ADQUISICI\u00d3N TONERS            <\/div>\n    <div class=\"element element_1610381468334  excerpt \">\n        IPRA \u2013 INVITACI\u00d3N A COTIZAR \u2013 COMPRA DIRECTA N\u00ba 04\/2026 \u2013 RAF 27 \u2013 LLAMADO 01 \u2013 PIEZA ADMINISTRATIVA N\u00b0            <\/div>\n    <hr class=\"element element_1689004578721  hr \">\n    <\/hr>\n            <a class=\"element element_1610380387338  read_more \"\n            target=\"_blank\"\n            href=\"https:\/\/www.ipra.gov.ar\/web\/compra\/s-adquisicion-toners\/\">Leer Mas<\/a>\n        <div class=\"element element_1610380394410  post_date \">\n                    19 febrero, 2026            <\/div>\n    <\/div>\n  <\/div><div class=\"item item-4377 skin flat even 10 \">\n        <div class=\"layer-wrapper layout-1402\">\n          <div class=\"element element_1610380381742  title_link \">\n                    S\/ CONTRATACI\u00d3N PARA IMPRESI\u00d3N, DISE\u00d1O, DISTRIBUCI\u00d3N Y SISTEMATIZACI\u00d3N DEL TELEBINGO FUEGUINO            <\/div>\n    <div class=\"element element_1610381468334  excerpt \">\n        LLAMADO N\u00b01 - EXPEDIENTE US-EE N\u00b0146-2026 OBJETO: S\/ CONTRATACI\u00d3N PARA IMPRESI\u00d3N, DISE\u00d1O, DISTRIBUCI\u00d3N Y SISTEMATIZACI\u00d3N DEL TELEBINGO FUEGUINO LICITACI\u00d3N P\u00daBLICA            <\/div>\n    <hr class=\"element element_1689004578721  hr \">\n    <\/hr>\n            <a class=\"element element_1610380387338  read_more \"\n            target=\"_blank\"\n            href=\"https:\/\/www.ipra.gov.ar\/web\/compra\/s-contratacion-para-impresion-diseno-distribucion-y-sistematizacion-del-telebingo-fueguino\/\">Leer Mas<\/a>\n        <div class=\"element element_1610380394410  post_date \">\n                    11 febrero, 2026            <\/div>\n    <\/div>\n  <\/div><div class=\"item item-4372 skin flat odd 11 \">\n        <div class=\"layer-wrapper layout-1402\">\n          <div class=\"element element_1610380381742  title_link \">\n                    S\/ ADQUISICI\u00d3N RESMAS DE PAPEL A4 DESTINADAS A LAS OFICINAS DE USHUAIA Y RIO GRANDE            <\/div>\n    <div class=\"element element_1610381468334  excerpt \">\n        EXPEDIENTE IPRA N\u00b0 110-2026 \u00bbS\/ADQUISICI\u00d3N RESMAS DE PAPEL A4 DESTINADAS A LAS OFICINAS DE USHUAIA Y RIO GRANDE \u00bb DIFUSI\u00d3N:            <\/div>\n    <hr class=\"element element_1689004578721  hr \">\n    <\/hr>\n            <a class=\"element element_1610380387338  read_more \"\n            target=\"_blank\"\n            href=\"https:\/\/www.ipra.gov.ar\/web\/compra\/s-adquisicion-resmas-de-papel-a4-destinadas-a-las-oficinas-de-ushuaia-y-rio-grande\/\">Leer Mas<\/a>\n        <div class=\"element element_1610380394410  post_date \">\n                    11 febrero, 2026            <\/div>\n    <\/div>\n  <\/div>    <\/div>\n    <div class=\"pagination\">\n      <div class=\"paginate\">\n    <span aria-current=\"page\" class=\"page-numbers current\">1<\/span>\n<a class=\"page-numbers\" href=\"https:\/\/www.ipra.gov.ar\/web\/wp-json\/wp\/v2\/pages\/12\/page\/2\/\">2<\/a>\n<a class=\"page-numbers\" href=\"https:\/\/www.ipra.gov.ar\/web\/wp-json\/wp\/v2\/pages\/12\/page\/3\/\">3<\/a>\n<span class=\"page-numbers dots\">&hellip;<\/span>\n<a class=\"page-numbers\" href=\"https:\/\/www.ipra.gov.ar\/web\/wp-json\/wp\/v2\/pages\/12\/page\/107\/\">107<\/a>\n<a class=\"next page-numbers\" href=\"https:\/\/www.ipra.gov.ar\/web\/wp-json\/wp\/v2\/pages\/12\/page\/2\/\">Siguiente \u00bb<\/a>  <\/div>\n  <style type=\"text\/css\">\n    #post-grid-1397 .pagination .page-numbers {\n      font-size: 16px;\n      color: #fff;\n      background: #646464;\n    }\n\n    #post-grid-1397 .pagination .page-numbers:hover,\n    #post-grid-1397 .pagination .page-numbers.current {\n      background: #4b4b4b;\n    }\n  <\/style>\n  <\/div>\n    <style type=\"text\/css\">\n        .layout-1402 .element_1610380381742 {\n            color: #8224e3;\n            font-size: 20px;\n            text-align: left;\n                    }\n\n        .layout-1402 .element_1610380381742 a {\n            color: #8224e3;\n            font-size: 20px;\n                    }\n    <\/style>\n    <style type=\"text\/css\">\n        .layout-1402 .element_1610381468334 {\n            font-size: 15px;\n            margin: 10px 0;\n            text-align: left;\n                    }\n\n        .layout-1402 .element_1610381468334 a {\n            font-size: 15px;\n                    }\n    <\/style>\n    <style type=\"text\/css\">\n        .layout-1402 .element_1689004578721 {\n                    }\n\n            <\/style>\n    <style type=\"text\/css\">\n        .layout-1402 .element_1610380387338 {\n            text-align: left;\n                    }\n\n        .layout-1402 .element_1610380387338 a {\n                    }\n    <\/style>\n    <style type=\"text\/css\">\n        .layout-1402 .element_1610380394410 {\n            text-align: left;\n                    }\n\n        .layout-1402 .element_1610380394410 a {\n                    }\n    <\/style>\n      <style type=\"text\/css\">\n      .item\r\n{\r\n\r\n\tpadding: 0px;\r\n\tborder-radius: 6px;\r\n\tborder: solid 2px;\r\n\ttransition:0.3s;\r\n\r\n\t.post_date{\r\n\t\tfont-size:14px;\r\n\t}\r\n\thr{\r\n\t\tbackground-color:black;\r\n\t}\r\n}\r\n\r\n.item:hover{\r\ntransform: scale(1.04);\r\nbox-shadow: 0 0 20px black;\r\n}\r\n    <\/style>\n      <script>\n          <\/script>\n    <style type=\"text\/css\">\n    #post-grid-1397 {\n      padding: 10px;\n      background-color: #ffffff;\n          }\n\n    #post-grid-1397 .item {\n      padding: 20px;\n      background: #fff;\n          }\n\n    #post-grid-1397 .item .layer-media {\n      height:auto;    }\n\n    @media only screen and (min-width: 0px) and (max-width: 767px) {\n      #post-grid-1397 .grid-items {\n        text-align: center;\n              }\n\n      #post-grid-1397 .item {\n        width: 90%;\n        margin: 10px;\n        display: inline-block;\n        vertical-align: top;\n        height:auto;      }\n    }\n\n    @media only screen and (min-width: 768px) and (max-width: 1023px) {\n      #post-grid-1397 .grid-items {\n        text-align: center;\n              }\n\n      #post-grid-1397 .item {\n        width: 280px;\n        margin: 10px;\n        display: inline-block;\n        vertical-align: top;\n        max-height:auto;      }\n    }\n\n    @media only screen and (min-width: 1024px) {\n      #post-grid-1397 .grid-items {\n        text-align: center;\n              }\n\n      #post-grid-1397 .item {\n        width: 280px;\n        display: inline-block;\n        margin: 10px;\n        vertical-align: top;\n        height:auto;      }\n    }\n\n      <\/style>\n  <\/div>\n<\/p>\n<\/div><\/div><\/div><\/div><\/div><\/div><\/div><\/div>\n","protected":false},"excerpt":{"rendered":"EXPEDIENTE IPRA N\u00b0 110-2026 \u00bbS\/ADQUISICI\u00d3N RESMAS DE PAPEL A4 DESTINADAS A LAS OFICINAS DE USHUAIA Y RIO GRANDE \u00bb DIFUSI\u00d3N: RESOLUCI\u00d3N IPRA N\u00b0 77-2026 ADJUDICACI\u00d3N A [...]","protected":false},"author":1,"featured_media":0,"parent":0,"menu_order":0,"comment_status":"closed","ping_status":"closed","template":"grid.php","meta":{"inline_featured_image":false,"footnotes":""},"class_list":["post-12","page","type-page","status-publish","hentry"],"_links":{"self":[{"href":"https:\/\/www.ipra.gov.ar\/web\/wp-json\/wp\/v2\/pages\/12","targetHints":{"allow":["GET"]}}],"collection":[{"href":"https:\/\/www.ipra.gov.ar\/web\/wp-json\/wp\/v2\/pages"}],"about":[{"href":"https:\/\/www.ipra.gov.ar\/web\/wp-json\/wp\/v2\/types\/page"}],"author":[{"embeddable":true,"href":"https:\/\/www.ipra.gov.ar\/web\/wp-json\/wp\/v2\/users\/1"}],"replies":[{"embeddable":true,"href":"https:\/\/www.ipra.gov.ar\/web\/wp-json\/wp\/v2\/comments?post=12"}],"version-history":[{"count":22,"href":"https:\/\/www.ipra.gov.ar\/web\/wp-json\/wp\/v2\/pages\/12\/revisions"}],"predecessor-version":[{"id":2569,"href":"https:\/\/www.ipra.gov.ar\/web\/wp-json\/wp\/v2\/pages\/12\/revisions\/2569"}],"wp:attachment":[{"href":"https:\/\/www.ipra.gov.ar\/web\/wp-json\/wp\/v2\/media?parent=12"}],"curies":[{"name":"wp","href":"https:\/\/api.w.org\/{rel}","templated":true}]}}