{"id":408,"date":"2017-10-26T14:48:45","date_gmt":"2017-10-26T17:48:45","guid":{"rendered":"http:\/\/www.ipra.gov.ar\/web\/?page_id=408"},"modified":"2024-09-18T15:56:02","modified_gmt":"2024-09-18T18:56:02","slug":"denuncias-juegos","status":"publish","type":"page","link":"https:\/\/www.ipra.gov.ar\/web\/denuncias-juegos\/","title":{"rendered":"Denuncias Juegos"},"content":{"rendered":"<h4 class=\"tdenu\">Utilice las opciones a continuaci\u00f3n, para realizar una denuncia completamente an\u00f3nima sobre juego clandestino<\/h4>\n<div class=\"denun\">\n<button onclick=\"location.href='http:\/\/www.ipra.gov.ar\/web\/denuncia-juego-fisico\/'\" class=\"titdenu\">Denuncias de <br \/> Juego F\u00edsico <\/button> <button onclick=\"location.href='http:\/\/www.ipra.gov.ar\/web\/denuncia-juego-online\/'\" class=\"titdenu2\">Denuncias de <br \/> Juego Online <\/button>\n<\/div>\n<div style=\"font-size: 0.5rem;\">\n  <i class=\"fas fa-igloo fa-10x\"><\/i>\n<\/div>\n","protected":false},"excerpt":{"rendered":"<p>Utilice las opciones a continuaci\u00f3n, para realizar una denuncia completamente an\u00f3nima sobre juego clandestino Denuncias de Juego F\u00edsico Denuncias de Juego Online<\/p>\n","protected":false},"author":1,"featured_media":0,"parent":0,"menu_order":0,"comment_status":"closed","ping_status":"closed","template":"","meta":{"inline_featured_image":false,"footnotes":""},"class_list":["post-408","page","type-page","status-publish","hentry"],"_links":{"self":[{"href":"https:\/\/www.ipra.gov.ar\/web\/wp-json\/wp\/v2\/pages\/408","targetHints":{"allow":["GET"]}}],"collection":[{"href":"https:\/\/www.ipra.gov.ar\/web\/wp-json\/wp\/v2\/pages"}],"about":[{"href":"https:\/\/www.ipra.gov.ar\/web\/wp-json\/wp\/v2\/types\/page"}],"author":[{"embeddable":true,"href":"https:\/\/www.ipra.gov.ar\/web\/wp-json\/wp\/v2\/users\/1"}],"replies":[{"embeddable":true,"href":"https:\/\/www.ipra.gov.ar\/web\/wp-json\/wp\/v2\/comments?post=408"}],"version-history":[{"count":39,"href":"https:\/\/www.ipra.gov.ar\/web\/wp-json\/wp\/v2\/pages\/408\/revisions"}],"predecessor-version":[{"id":3587,"href":"https:\/\/www.ipra.gov.ar\/web\/wp-json\/wp\/v2\/pages\/408\/revisions\/3587"}],"wp:attachment":[{"href":"https:\/\/www.ipra.gov.ar\/web\/wp-json\/wp\/v2\/media?parent=408"}],"curies":[{"name":"wp","href":"https:\/\/api.w.org\/{rel}","templated":true}]}}